{"id":1024,"date":"2021-01-17T17:01:59","date_gmt":"2021-01-17T16:01:59","guid":{"rendered":"https:\/\/cobosvestuario.com\/traicion\/"},"modified":"2021-01-17T17:38:25","modified_gmt":"2021-01-17T16:38:25","slug":"traicion","status":"publish","type":"page","link":"https:\/\/cobosvestuario.com\/en\/traicion\/","title":{"rendered":"Traici\u00f3n"},"content":{"rendered":"\n<div class=\"wp-block-columns\">\n<div class=\"wp-block-column\">\n<p><a href=\"\/trabajos-destacados\/\">TRABAJOS DESTACADOS<\/a>\u00a0\u00bb\u00a0TRAICI\u00d3N<\/p>\n\n\n\n<blockquote class=\"wp-block-quote\"><p><strong>El Pav\u00f3n Teatro Kamikaze<\/strong><br>Direcci\u00f3n: <strong>Israel Alejalde<\/strong><br>Figurines: <strong>Sandra Espinosa<\/strong><br>Realizaci\u00f3n de vestuario para Irene Arcos<\/p><\/blockquote>\n<\/div>\n\n\n\n<div class=\"wp-block-column\">\n<figure class=\"wp-block-embed-youtube wp-block-embed is-type-video is-provider-youtube wp-embed-aspect-16-9 wp-has-aspect-ratio\"><div class=\"wp-block-embed__wrapper\">\n<div class=\"ast-oembed-container\"><iframe loading=\"lazy\" title=\"&#039;Traici\u00f3n&#039; - El Pav\u00f3n Teatro Kamikaze\" width=\"500\" height=\"281\" src=\"https:\/\/www.youtube.com\/embed\/OOU7dzLfDrs?feature=oembed\" frameborder=\"0\" allow=\"accelerometer; autoplay; clipboard-write; encrypted-media; gyroscope; picture-in-picture\" allowfullscreen><\/iframe><\/div>\n<\/div><\/figure>\n<\/div>\n<\/div>\n\n\n<!-- default-view.php -->\n<div\n\tclass=\"ngg-galleryoverview default-view \"\n\tid=\"ngg-gallery-d6efb789dbe4a95a4df22780677e1605-1\">\n\n\t\t<!-- Thumbnails -->\n\t\t\t\t<div id=\"ngg-image-0\" class=\"ngg-gallery-thumbnail-box \" >\n\t\t\t\t        <div class=\"ngg-gallery-thumbnail\">\n            <a href=\"https:\/\/cobosvestuario.com\/wp-content\/gallery\/traicion\/ca5f2f53-4d69-4f70-8ef4-f5c5411a829c_rw_1200.jpg\"\n               title=\"\"\n               data-src=\"https:\/\/cobosvestuario.com\/wp-content\/gallery\/traicion\/ca5f2f53-4d69-4f70-8ef4-f5c5411a829c_rw_1200.jpg\"\n               data-thumbnail=\"https:\/\/cobosvestuario.com\/wp-content\/gallery\/traicion\/thumbs\/thumbs_ca5f2f53-4d69-4f70-8ef4-f5c5411a829c_rw_1200.jpg\"\n               data-image-id=\"224\"\n               data-title=\"ca5f2f53-4d69-4f70-8ef4-f5c5411a829c_rw_1200\"\n               data-description=\"\"\n               data-image-slug=\"ca5f2f53-4d69-4f70-8ef4-f5c5411a829c_rw_1200\"\n               class=\"ngg-simplelightbox\" rel=\"d6efb789dbe4a95a4df22780677e1605\">\n                <img\n                    title=\"ca5f2f53-4d69-4f70-8ef4-f5c5411a829c_rw_1200\"\n                    alt=\"ca5f2f53-4d69-4f70-8ef4-f5c5411a829c_rw_1200\"\n                    src=\"https:\/\/cobosvestuario.com\/wp-content\/gallery\/traicion\/thumbs\/thumbs_ca5f2f53-4d69-4f70-8ef4-f5c5411a829c_rw_1200.jpg\"\n                    width=\"260\"\n                    height=\"260\"\n                    style=\"max-width:100%;\"\n                \/>\n            <\/a>\n        <\/div>\n\t\t\t\t\t\t\t<\/div> \n\t\t\t\n\t\t\t\t<div id=\"ngg-image-1\" class=\"ngg-gallery-thumbnail-box \" >\n\t\t\t\t        <div class=\"ngg-gallery-thumbnail\">\n            <a href=\"https:\/\/cobosvestuario.com\/wp-content\/gallery\/traicion\/d51bbc48-0617-4c24-8b98-45f4dce63ec9_rw_1920.png\"\n               title=\"\"\n               data-src=\"https:\/\/cobosvestuario.com\/wp-content\/gallery\/traicion\/d51bbc48-0617-4c24-8b98-45f4dce63ec9_rw_1920.png\"\n               data-thumbnail=\"https:\/\/cobosvestuario.com\/wp-content\/gallery\/traicion\/thumbs\/thumbs_d51bbc48-0617-4c24-8b98-45f4dce63ec9_rw_1920.png\"\n               data-image-id=\"225\"\n               data-title=\"d51bbc48-0617-4c24-8b98-45f4dce63ec9_rw_1920\"\n               data-description=\"\"\n               data-image-slug=\"d51bbc48-0617-4c24-8b98-45f4dce63ec9_rw_1920\"\n               class=\"ngg-simplelightbox\" rel=\"d6efb789dbe4a95a4df22780677e1605\">\n                <img\n                    title=\"d51bbc48-0617-4c24-8b98-45f4dce63ec9_rw_1920\"\n                    alt=\"d51bbc48-0617-4c24-8b98-45f4dce63ec9_rw_1920\"\n                    src=\"https:\/\/cobosvestuario.com\/wp-content\/gallery\/traicion\/thumbs\/thumbs_d51bbc48-0617-4c24-8b98-45f4dce63ec9_rw_1920.png\"\n                    width=\"260\"\n                    height=\"260\"\n                    style=\"max-width:100%;\"\n                \/>\n            <\/a>\n        <\/div>\n\t\t\t\t\t\t\t<\/div> \n\t\t\t\n\t\n\t<br style=\"clear: both\" \/>\n\n\t\n\t\t<!-- Pagination -->\n\t<div class='ngg-clear'><\/div>\t<\/div>\n\n\n\n<p><\/p>\n","protected":false},"excerpt":{"rendered":"<p>TRABAJOS DESTACADOS\u00a0\u00bb\u00a0TRAICI\u00d3N El Pav\u00f3n Teatro KamikazeDirecci\u00f3n: Israel AlejaldeFigurines: Sandra EspinosaRealizaci\u00f3n de vestuario para Irene Arcos<\/p>\n","protected":false},"author":1,"featured_media":0,"parent":0,"menu_order":0,"comment_status":"closed","ping_status":"closed","template":"","meta":{"ngg_post_thumbnail":0,"spay_email":""},"_links":{"self":[{"href":"https:\/\/cobosvestuario.com\/en\/wp-json\/wp\/v2\/pages\/1024"}],"collection":[{"href":"https:\/\/cobosvestuario.com\/en\/wp-json\/wp\/v2\/pages"}],"about":[{"href":"https:\/\/cobosvestuario.com\/en\/wp-json\/wp\/v2\/types\/page"}],"author":[{"embeddable":true,"href":"https:\/\/cobosvestuario.com\/en\/wp-json\/wp\/v2\/users\/1"}],"replies":[{"embeddable":true,"href":"https:\/\/cobosvestuario.com\/en\/wp-json\/wp\/v2\/comments?post=1024"}],"version-history":[{"count":1,"href":"https:\/\/cobosvestuario.com\/en\/wp-json\/wp\/v2\/pages\/1024\/revisions"}],"predecessor-version":[{"id":1026,"href":"https:\/\/cobosvestuario.com\/en\/wp-json\/wp\/v2\/pages\/1024\/revisions\/1026"}],"wp:attachment":[{"href":"https:\/\/cobosvestuario.com\/en\/wp-json\/wp\/v2\/media?parent=1024"}],"curies":[{"name":"wp","href":"https:\/\/api.w.org\/{rel}","templated":true}]}}