{"id":1018,"date":"2021-01-17T16:47:17","date_gmt":"2021-01-17T15:47:17","guid":{"rendered":"https:\/\/cobosvestuario.com\/trabajos-destacados\/la-senora-y-la-criada\/"},"modified":"2021-01-17T16:53:31","modified_gmt":"2021-01-17T15:53:31","slug":"la-senora-y-la-criada","status":"publish","type":"page","link":"https:\/\/cobosvestuario.com\/en\/trabajos-destacados\/la-senora-y-la-criada\/","title":{"rendered":"La se\u00f1ora y la criada"},"content":{"rendered":"\n<div class=\"wp-block-columns\">\n<div class=\"wp-block-column\">\n<p><a href=\"\/trabajos-destacados\/\">TRABAJOS DESTACADOS<\/a>\u00a0\u00bb\u00a0LA SE\u00d1ORA Y LA CRIADA<\/p>\n\n\n\n<blockquote class=\"wp-block-quote\"><p><strong>Joven Compa\u00f1\u00eda Nacional de Teatro Cl\u00e1sico<\/strong><br>Direcci\u00f3n\/Director: <strong>Miguel del Arco<\/strong><br>Figurines\/ costume design: <strong>Sandra Espinosa<\/strong><\/p><\/blockquote>\n<\/div>\n\n\n\n<div class=\"wp-block-column\">\n<figure class=\"wp-block-embed-youtube wp-block-embed is-type-video is-provider-youtube wp-embed-aspect-16-9 wp-has-aspect-ratio\"><div class=\"wp-block-embed__wrapper\">\n<div class=\"ast-oembed-container\"><iframe loading=\"lazy\" title=\"&quot;La se\u00f1ora y la criada&quot; (CNTC 2019)\" width=\"500\" height=\"281\" src=\"https:\/\/www.youtube.com\/embed\/dg6jX0WeU_Q?feature=oembed\" frameborder=\"0\" allow=\"accelerometer; autoplay; clipboard-write; encrypted-media; gyroscope; picture-in-picture\" allowfullscreen><\/iframe><\/div>\n<\/div><\/figure>\n<\/div>\n<\/div>\n\n\n<!-- default-view.php -->\n<div\n\tclass=\"ngg-galleryoverview default-view \"\n\tid=\"ngg-gallery-18a964a11a89cbbfc0f7a5d421113292-1\">\n\n\t\t<!-- Thumbnails -->\n\t\t\t\t<div id=\"ngg-image-0\" class=\"ngg-gallery-thumbnail-box \" >\n\t\t\t\t        <div class=\"ngg-gallery-thumbnail\">\n            <a href=\"https:\/\/cobosvestuario.com\/wp-content\/gallery\/la-senora-y-la-criada\/1.La-senora-y-la-criada-marcosGpunto.jpg\"\n               title=\"\"\n               data-src=\"https:\/\/cobosvestuario.com\/wp-content\/gallery\/la-senora-y-la-criada\/1.La-senora-y-la-criada-marcosGpunto.jpg\"\n               data-thumbnail=\"https:\/\/cobosvestuario.com\/wp-content\/gallery\/la-senora-y-la-criada\/thumbs\/thumbs_1.La-senora-y-la-criada-marcosGpunto.jpg\"\n               data-image-id=\"222\"\n               data-title=\"1.La-senora-y-la-criada-marcosGpunto\"\n               data-description=\"\"\n               data-image-slug=\"1-la-senora-y-la-criada-marcosgpunto\"\n               class=\"ngg-simplelightbox\" rel=\"18a964a11a89cbbfc0f7a5d421113292\">\n                <img\n                    title=\"1.La-senora-y-la-criada-marcosGpunto\"\n                    alt=\"1.La-senora-y-la-criada-marcosGpunto\"\n                    src=\"https:\/\/cobosvestuario.com\/wp-content\/gallery\/la-senora-y-la-criada\/thumbs\/thumbs_1.La-senora-y-la-criada-marcosGpunto.jpg\"\n                    width=\"260\"\n                    height=\"260\"\n                    style=\"max-width:100%;\"\n                \/>\n            <\/a>\n        <\/div>\n\t\t\t\t\t\t\t<\/div> \n\t\t\t\n\t\t\t\t<div id=\"ngg-image-1\" class=\"ngg-gallery-thumbnail-box \" >\n\t\t\t\t        <div class=\"ngg-gallery-thumbnail\">\n            <a href=\"https:\/\/cobosvestuario.com\/wp-content\/gallery\/la-senora-y-la-criada\/2.calde_.jpg\"\n               title=\"\"\n               data-src=\"https:\/\/cobosvestuario.com\/wp-content\/gallery\/la-senora-y-la-criada\/2.calde_.jpg\"\n               data-thumbnail=\"https:\/\/cobosvestuario.com\/wp-content\/gallery\/la-senora-y-la-criada\/thumbs\/thumbs_2.calde_.jpg\"\n               data-image-id=\"221\"\n               data-title=\"2.calde_\"\n               data-description=\"\"\n               data-image-slug=\"2-calde_\"\n               class=\"ngg-simplelightbox\" rel=\"18a964a11a89cbbfc0f7a5d421113292\">\n                <img\n                    title=\"2.calde_\"\n                    alt=\"2.calde_\"\n                    src=\"https:\/\/cobosvestuario.com\/wp-content\/gallery\/la-senora-y-la-criada\/thumbs\/thumbs_2.calde_.jpg\"\n                    width=\"260\"\n                    height=\"260\"\n                    style=\"max-width:100%;\"\n                \/>\n            <\/a>\n        <\/div>\n\t\t\t\t\t\t\t<\/div> \n\t\t\t\n\t\t\t\t<div id=\"ngg-image-2\" class=\"ngg-gallery-thumbnail-box \" >\n\t\t\t\t        <div class=\"ngg-gallery-thumbnail\">\n            <a href=\"https:\/\/cobosvestuario.com\/wp-content\/gallery\/la-senora-y-la-criada\/3.TEATRO-MADRID-la-se%C3%B1ora-y-la-criada-3-REVISTA.jpg\"\n               title=\"\"\n               data-src=\"https:\/\/cobosvestuario.com\/wp-content\/gallery\/la-senora-y-la-criada\/3.TEATRO-MADRID-la-se%C3%B1ora-y-la-criada-3-REVISTA.jpg\"\n               data-thumbnail=\"https:\/\/cobosvestuario.com\/wp-content\/gallery\/la-senora-y-la-criada\/thumbs\/thumbs_3.TEATRO-MADRID-la-se%C3%B1ora-y-la-criada-3-REVISTA.jpg\"\n               data-image-id=\"219\"\n               data-title=\"3.TEATRO-MADRID-la-se\u00f1ora-y-la-criada-3-REVISTA\"\n               data-description=\"\"\n               data-image-slug=\"3-teatro-madrid-la-se%c3%b1ora-y-la-criada-3-revista\"\n               class=\"ngg-simplelightbox\" rel=\"18a964a11a89cbbfc0f7a5d421113292\">\n                <img\n                    title=\"3.TEATRO-MADRID-la-se\u00f1ora-y-la-criada-3-REVISTA\"\n                    alt=\"3.TEATRO-MADRID-la-se\u00f1ora-y-la-criada-3-REVISTA\"\n                    src=\"https:\/\/cobosvestuario.com\/wp-content\/gallery\/la-senora-y-la-criada\/thumbs\/thumbs_3.TEATRO-MADRID-la-se%C3%B1ora-y-la-criada-3-REVISTA.jpg\"\n                    width=\"260\"\n                    height=\"260\"\n                    style=\"max-width:100%;\"\n                \/>\n            <\/a>\n        <\/div>\n\t\t\t\t\t\t\t<\/div> \n\t\t\t\n\t\t\t\t<div id=\"ngg-image-3\" class=\"ngg-gallery-thumbnail-box \" >\n\t\t\t\t        <div class=\"ngg-gallery-thumbnail\">\n            <a href=\"https:\/\/cobosvestuario.com\/wp-content\/gallery\/la-senora-y-la-criada\/4.la-senora-y-la-criada-una-de-las-comedias-mas-desconocidas-de-calderon-3-1048x542.jpg\"\n               title=\"\"\n               data-src=\"https:\/\/cobosvestuario.com\/wp-content\/gallery\/la-senora-y-la-criada\/4.la-senora-y-la-criada-una-de-las-comedias-mas-desconocidas-de-calderon-3-1048x542.jpg\"\n               data-thumbnail=\"https:\/\/cobosvestuario.com\/wp-content\/gallery\/la-senora-y-la-criada\/thumbs\/thumbs_4.la-senora-y-la-criada-una-de-las-comedias-mas-desconocidas-de-calderon-3-1048x542.jpg\"\n               data-image-id=\"223\"\n               data-title=\"4.la-senora-y-la-criada-una-de-las-comedias-mas-desconocidas-de-calderon-3-1048x542\"\n               data-description=\"\"\n               data-image-slug=\"4-la-senora-y-la-criada-una-de-las-comedias-mas-desconocidas-de-calderon-3-1048x542\"\n               class=\"ngg-simplelightbox\" rel=\"18a964a11a89cbbfc0f7a5d421113292\">\n                <img\n                    title=\"4.la-senora-y-la-criada-una-de-las-comedias-mas-desconocidas-de-calderon-3-1048x542\"\n                    alt=\"4.la-senora-y-la-criada-una-de-las-comedias-mas-desconocidas-de-calderon-3-1048x542\"\n                    src=\"https:\/\/cobosvestuario.com\/wp-content\/gallery\/la-senora-y-la-criada\/thumbs\/thumbs_4.la-senora-y-la-criada-una-de-las-comedias-mas-desconocidas-de-calderon-3-1048x542.jpg\"\n                    width=\"260\"\n                    height=\"260\"\n                    style=\"max-width:100%;\"\n                \/>\n            <\/a>\n        <\/div>\n\t\t\t\t\t\t\t<\/div> \n\t\t\t\n\t\t\t\t<div id=\"ngg-image-4\" class=\"ngg-gallery-thumbnail-box \" >\n\t\t\t\t        <div class=\"ngg-gallery-thumbnail\">\n            <a href=\"https:\/\/cobosvestuario.com\/wp-content\/gallery\/la-senora-y-la-criada\/5.TEATRO-MADRID-la-se%C3%B1ora-y-la-criada-2-REVISTA.jpg\"\n               title=\"\"\n               data-src=\"https:\/\/cobosvestuario.com\/wp-content\/gallery\/la-senora-y-la-criada\/5.TEATRO-MADRID-la-se%C3%B1ora-y-la-criada-2-REVISTA.jpg\"\n               data-thumbnail=\"https:\/\/cobosvestuario.com\/wp-content\/gallery\/la-senora-y-la-criada\/thumbs\/thumbs_5.TEATRO-MADRID-la-se%C3%B1ora-y-la-criada-2-REVISTA.jpg\"\n               data-image-id=\"220\"\n               data-title=\"5.TEATRO-MADRID-la-se\u00f1ora-y-la-criada-2-REVISTA\"\n               data-description=\"\"\n               data-image-slug=\"5-teatro-madrid-la-se%c3%b1ora-y-la-criada-2-revista\"\n               class=\"ngg-simplelightbox\" rel=\"18a964a11a89cbbfc0f7a5d421113292\">\n                <img\n                    title=\"5.TEATRO-MADRID-la-se\u00f1ora-y-la-criada-2-REVISTA\"\n                    alt=\"5.TEATRO-MADRID-la-se\u00f1ora-y-la-criada-2-REVISTA\"\n                    src=\"https:\/\/cobosvestuario.com\/wp-content\/gallery\/la-senora-y-la-criada\/thumbs\/thumbs_5.TEATRO-MADRID-la-se%C3%B1ora-y-la-criada-2-REVISTA.jpg\"\n                    width=\"260\"\n                    height=\"260\"\n                    style=\"max-width:100%;\"\n                \/>\n            <\/a>\n        <\/div>\n\t\t\t\t\t\t\t<\/div> \n\t\t\t\n\t\n\t<br style=\"clear: both\" \/>\n\n\t\n\t\t<!-- Pagination -->\n\t<div class='ngg-clear'><\/div>\t<\/div>\n\n\n\n<p><\/p>\n","protected":false},"excerpt":{"rendered":"<p>TRABAJOS DESTACADOS\u00a0\u00bb\u00a0LA SE\u00d1ORA Y LA CRIADA Joven Compa\u00f1\u00eda Nacional de Teatro Cl\u00e1sicoDirecci\u00f3n\/Director: Miguel del ArcoFigurines\/ costume design: Sandra Espinosa<\/p>\n","protected":false},"author":1,"featured_media":0,"parent":31,"menu_order":0,"comment_status":"closed","ping_status":"closed","template":"","meta":{"ngg_post_thumbnail":0,"spay_email":""},"_links":{"self":[{"href":"https:\/\/cobosvestuario.com\/en\/wp-json\/wp\/v2\/pages\/1018"}],"collection":[{"href":"https:\/\/cobosvestuario.com\/en\/wp-json\/wp\/v2\/pages"}],"about":[{"href":"https:\/\/cobosvestuario.com\/en\/wp-json\/wp\/v2\/types\/page"}],"author":[{"embeddable":true,"href":"https:\/\/cobosvestuario.com\/en\/wp-json\/wp\/v2\/users\/1"}],"replies":[{"embeddable":true,"href":"https:\/\/cobosvestuario.com\/en\/wp-json\/wp\/v2\/comments?post=1018"}],"version-history":[{"count":1,"href":"https:\/\/cobosvestuario.com\/en\/wp-json\/wp\/v2\/pages\/1018\/revisions"}],"predecessor-version":[{"id":1019,"href":"https:\/\/cobosvestuario.com\/en\/wp-json\/wp\/v2\/pages\/1018\/revisions\/1019"}],"up":[{"embeddable":true,"href":"https:\/\/cobosvestuario.com\/en\/wp-json\/wp\/v2\/pages\/31"}],"wp:attachment":[{"href":"https:\/\/cobosvestuario.com\/en\/wp-json\/wp\/v2\/media?parent=1018"}],"curies":[{"name":"wp","href":"https:\/\/api.w.org\/{rel}","templated":true}]}}